{"id":100,"date":"2024-10-09T14:23:34","date_gmt":"2024-10-09T14:23:34","guid":{"rendered":"https:\/\/www.bagless-office.com\/de\/?page_id=100"},"modified":"2025-06-30T13:15:47","modified_gmt":"2025-06-30T11:15:47","slug":"immobilien","status":"publish","type":"page","link":"https:\/\/www.bagless-office.com\/de\/immobilien\/","title":{"rendered":"Immobilien"},"content":{"rendered":"<p>[et_pb_section fb_built=&#8220;1&#8243; admin_label=&#8220;Hero Section&#8220; _builder_version=&#8220;4.27.3&#8243; use_background_color_gradient=&#8220;on&#8220; background_color_gradient_direction=&#8220;120deg&#8220; background_color_gradient_stops=&#8220;#000000 0%|rgba(0,0,0,0) 50%&#8220; background_color_gradient_overlays_image=&#8220;on&#8220; background_color_gradient_start=&#8220;#000000&#8243; background_color_gradient_end=&#8220;rgba(0,0,0,0)&#8220; background_enable_image=&#8220;off&#8220; parallax=&#8220;on&#8220; background_video_mp4=&#8220;https:\/\/www.bagless-office.com\/de\/wp-content\/uploads\/2024\/11\/Immobilien_360_30sek.mp4&#8243; min_height=&#8220;900.9px&#8220; custom_padding=&#8220;10%||10%|&#8220; locked=&#8220;off&#8220; global_colors_info=&#8220;{}&#8220;][et_pb_row _builder_version=&#8220;4.27.3&#8243; _module_preset=&#8220;default&#8220; global_colors_info=&#8220;{}&#8220;][et_pb_column type=&#8220;4_4&#8243; _builder_version=&#8220;4.27.3&#8243; _module_preset=&#8220;default&#8220; global_colors_info=&#8220;{}&#8220;][et_pb_image src=&#8220;https:\/\/www.bagless-office.com\/de\/wp-content\/uploads\/2024\/09\/LOGO_bagless_io_GRUeN-1.png&#8220; alt=&#8220;bagless Logo&#8220; title_text=&#8220;bagless Logo&#8220; align=&#8220;center&#8220; _builder_version=&#8220;4.27.3&#8243; _module_preset=&#8220;default&#8220; width=&#8220;62%&#8220; max_width=&#8220;62%&#8220; animation_style=&#8220;fade&#8220; global_colors_info=&#8220;{}&#8220;][\/et_pb_image][et_pb_text _builder_version=&#8220;4.27.3&#8243; _module_preset=&#8220;_initial&#8220; header_font=&#8220;Gudea|700|||||||&#8220; header_text_color=&#8220;#FFFFFF&#8220; header_font_size=&#8220;72px&#8220; header_line_height=&#8220;1.2em&#8220; text_orientation=&#8220;center&#8220; header_font_size_tablet=&#8220;40px&#8220; header_font_size_phone=&#8220;24px&#8220; header_font_size_last_edited=&#8220;on|desktop&#8220; header_text_shadow_style=&#8220;preset3&#8243; locked=&#8220;off&#8220; global_colors_info=&#8220;{}&#8220;]<\/p>\n<h1>Immobilien-Tour<\/h1>\n<p>[\/et_pb_text][et_pb_image src=&#8220;https:\/\/www.bagless-office.com\/de\/wp-content\/uploads\/2024\/10\/immobilie_NEU.png&#8220; alt=&#8220;editor icon bagless \u2013 virtuell gef\u00fchrte Touren&#8220; title_text=&#8220;editor icon bagless \u2013 virtuell gef\u00fchrte Touren&#8220; align=&#8220;center&#8220; _builder_version=&#8220;4.27.3&#8243; _module_preset=&#8220;default&#8220; min_height=&#8220;100px&#8220; height=&#8220;100px&#8220; global_colors_info=&#8220;{}&#8220;][\/et_pb_image][et_pb_text admin_label=&#8220;Title&#8220; _builder_version=&#8220;4.27.3&#8243; text_font=&#8220;||||||||&#8220; header_font=&#8220;Gudea|600|||||||&#8220; header_font_size=&#8220;60px&#8220; header_line_height=&#8220;1.2em&#8220; header_2_font=&#8220;Gudea|700|on||||||&#8220; header_2_font_size=&#8220;50px&#8220; background_layout=&#8220;dark&#8220; animation_style=&#8220;fade&#8220; header_font_size_tablet=&#8220;&#8220; header_font_size_phone=&#8220;40px&#8220; header_font_size_last_edited=&#8220;on|phone&#8220; global_colors_info=&#8220;{}&#8220;]<\/p>\n<h2 style=\"text-align: center;\">Ihr PC wird zum virtuellen Maklerb\u00fcro<\/h2>\n<p>[\/et_pb_text][\/et_pb_column][\/et_pb_row][\/et_pb_section][et_pb_section fb_built=&#8220;1&#8243; _builder_version=&#8220;4.27.2&#8243; _module_preset=&#8220;default&#8220; locked=&#8220;off&#8220; global_colors_info=&#8220;{}&#8220;][et_pb_row _builder_version=&#8220;4.27.2&#8243; _module_preset=&#8220;default&#8220; global_colors_info=&#8220;{}&#8220;][et_pb_column type=&#8220;4_4&#8243; _builder_version=&#8220;4.27.2&#8243; _module_preset=&#8220;default&#8220; global_colors_info=&#8220;{}&#8220;][et_pb_text admin_label=&#8220;Title&#8220; _builder_version=&#8220;4.27.2&#8243; header_font=&#8220;||||||||&#8220; header_2_font=&#8220;Gudea|600|||||||&#8220; header_2_text_align=&#8220;center&#8220; header_2_text_color=&#8220;#0F1D37&#8243; header_2_font_size=&#8220;36px&#8220; header_2_line_height=&#8220;1.2em&#8220; animation_style=&#8220;fold&#8220; animation_direction=&#8220;left&#8220; animation_intensity_fold=&#8220;10%&#8220; animation_starting_opacity=&#8220;100%&#8220; locked=&#8220;off&#8220; global_colors_info=&#8220;{}&#8220;]<\/p>\n<h2>Ganz einfach von \u00fcberall auf der Welt arbeiten<\/h2>\n<p>[\/et_pb_text][et_pb_divider color=&#8220;#fdb467&#8243; divider_position=&#8220;center&#8220; divider_weight=&#8220;3px&#8220; _builder_version=&#8220;4.27.2&#8243; max_width=&#8220;50px&#8220; module_alignment=&#8220;center&#8220; animation_style=&#8220;slide&#8220; animation_direction=&#8220;top&#8220; animation_intensity_slide=&#8220;10%&#8220; animation_starting_opacity=&#8220;100%&#8220; locked=&#8220;off&#8220; global_colors_info=&#8220;{}&#8220;][\/et_pb_divider][et_pb_text _builder_version=&#8220;4.27.2&#8243; text_font=&#8220;Poppins||||||||&#8220; text_text_color=&#8220;#1E1D1C&#8220; text_font_size=&#8220;18px&#8220; text_line_height=&#8220;1.8em&#8220; text_orientation=&#8220;center&#8220; custom_margin=&#8220;25px|||&#8220; animation_style=&#8220;fold&#8220; animation_direction=&#8220;left&#8220; animation_intensity_fold=&#8220;10%&#8220; animation_starting_opacity=&#8220;100%&#8220; locked=&#8220;off&#8220; global_colors_info=&#8220;{}&#8220;]<\/p>\n<p>Einmal vor Ort erstellte R\u00e4ume k\u00f6nnen von jedem Rechner auf der Welt verwaltet werden. Ebenso k\u00f6nnen Ihre Kund*innen aus der ganzen Welt Ihre Immobilien besichtigen und in den Genuss einer pers\u00f6nlichen, interaktiven F\u00fchrung kommen.\u00a0<\/p>\n<p>[\/et_pb_text][\/et_pb_column][\/et_pb_row][\/et_pb_section][et_pb_section fb_built=&#8220;1&#8243; _builder_version=&#8220;4.27.2&#8243; _module_preset=&#8220;default&#8220; background_enable_color=&#8220;off&#8220; background_image=&#8220;https:\/\/www.bagless-office.com\/de\/wp-content\/uploads\/2024\/10\/villa-hell-innen.jpg&#8220; global_colors_info=&#8220;{}&#8220;][et_pb_row _builder_version=&#8220;4.27.2&#8243; _module_preset=&#8220;default&#8220; global_colors_info=&#8220;{}&#8220;][et_pb_column type=&#8220;4_4&#8243; _builder_version=&#8220;4.27.2&#8243; _module_preset=&#8220;default&#8220; global_colors_info=&#8220;{}&#8220;][et_pb_text _builder_version=&#8220;4.27.2&#8243; _module_preset=&#8220;_initial&#8220; header_2_font=&#8220;Gudea|700|||||||&#8220; header_2_text_color=&#8220;#1E1D1C&#8220; header_3_font=&#8220;Gudea|700||on|||||&#8220; header_3_text_color=&#8220;#000000&#8243; header_3_font_size=&#8220;26px&#8220; header_3_line_height=&#8220;1.4em&#8220; text_orientation=&#8220;center&#8220; custom_margin=&#8220;0px||||false|false&#8220; header_3_font_size_tablet=&#8220;20px&#8220; header_3_font_size_phone=&#8220;16px&#8220; header_3_font_size_last_edited=&#8220;on|desktop&#8220; locked=&#8220;off&#8220; global_colors_info=&#8220;{}&#8220;]<\/p>\n<h2><strong>Mit Besichtigungs- und Besuchsm\u00f6glichkeiten w\u00e4hrend Ihrer virtuellen B\u00fcrozeiten.<\/strong><\/h2>\n<p>[\/et_pb_text][et_pb_video src=&#8220;https:\/\/www.bagless-office.com\/de\/wp-content\/uploads\/2024\/10\/bagless_video-DE_09022024.mp4&#8243; _builder_version=&#8220;4.27.2&#8243; _module_preset=&#8220;default&#8220; global_colors_info=&#8220;{}&#8220;][\/et_pb_video][\/et_pb_column][\/et_pb_row][\/et_pb_section][et_pb_section fb_built=&#8220;1&#8243; admin_label=&#8220;Services&#8220; _builder_version=&#8220;4.27.2&#8243; _module_preset=&#8220;default&#8220; background_color=&#8220;#FFFFFF&#8220; background_enable_image=&#8220;off&#8220; parallax=&#8220;on&#8220; locked=&#8220;off&#8220; collapsed=&#8220;off&#8220; global_colors_info=&#8220;{%22gcid-2f3f3e09-0a26-4ea7-8906-5e1128945e3f%22:%91%22background_color_gradient_stops%22%93,%22gcid-9fa4a1b6-767d-41ca-984c-a6f10449c843%22:%91%22background_color_gradient_stops%22%93}&#8220;][et_pb_row _builder_version=&#8220;4.27.2&#8243; _module_preset=&#8220;default&#8220; global_colors_info=&#8220;{}&#8220;][et_pb_column type=&#8220;4_4&#8243; _builder_version=&#8220;4.27.2&#8243; _module_preset=&#8220;default&#8220; global_colors_info=&#8220;{}&#8220;][et_pb_text _builder_version=&#8220;4.27.3&#8243; _module_preset=&#8220;_initial&#8220; header_2_font=&#8220;Gudea|700||on|||||&#8220; header_2_text_color=&#8220;#7BB000&#8243; header_2_font_size=&#8220;70px&#8220; header_3_font=&#8220;Gudea|700||on|||||&#8220; header_3_text_color=&#8220;#000000&#8243; header_3_font_size=&#8220;26px&#8220; header_3_line_height=&#8220;1.4em&#8220; text_orientation=&#8220;center&#8220; custom_margin=&#8220;1px||||false|false&#8220; header_2_font_size_tablet=&#8220;70px&#8220; header_2_font_size_phone=&#8220;40px&#8220; header_2_font_size_last_edited=&#8220;on|phone&#8220; header_3_font_size_tablet=&#8220;20px&#8220; header_3_font_size_phone=&#8220;16px&#8220; header_3_font_size_last_edited=&#8220;on|desktop&#8220; locked=&#8220;off&#8220; global_colors_info=&#8220;{}&#8220;]<\/p>\n<h2>bagless Vorteile f\u00fcr<br \/>Immobilien-makler*innen<\/h2>\n<p>[\/et_pb_text][\/et_pb_column][\/et_pb_row][\/et_pb_section][et_pb_section fb_built=&#8220;1&#8243; admin_label=&#8220;Workshops and Events Section&#8220; _builder_version=&#8220;4.27.2&#8243; custom_padding=&#8220;0px||0px|&#8220; global_colors_info=&#8220;{}&#8220;][et_pb_row column_structure=&#8220;1_3,2_3&#8243; use_custom_gutter=&#8220;on&#8220; gutter_width=&#8220;0&#8243; make_equal=&#8220;on&#8220; admin_label=&#8220;Workshops and Events Area&#8220; module_class=&#8220; et_pb_row_fullwidth&#8220; _builder_version=&#8220;4.27.2&#8243; width=&#8220;100%&#8220; width_tablet=&#8220;100%&#8220; width_phone=&#8220;100%&#8220; width_last_edited=&#8220;on|desktop&#8220; max_width=&#8220;100%&#8220; max_width_tablet=&#8220;100%&#8220; max_width_phone=&#8220;100%&#8220; max_width_last_edited=&#8220;on|desktop&#8220; custom_margin=&#8220;|||&#8220; custom_padding=&#8220;0px||0px|&#8220; make_fullwidth=&#8220;on&#8220; global_colors_info=&#8220;{}&#8220;][et_pb_column type=&#8220;1_3&#8243; _builder_version=&#8220;4.27.2&#8243; background_color=&#8220;#282624&#8243; custom_padding=&#8220;10%|5%|10%|5%&#8220; global_colors_info=&#8220;{}&#8220; custom_padding__hover=&#8220;|||&#8220;][et_pb_text _builder_version=&#8220;4.27.2&#8243; text_font=&#8220;Poppins||||||||&#8220; text_text_color=&#8220;#FFFFFF&#8220; text_font_size=&#8220;18px&#8220; text_line_height=&#8220;1.8em&#8220; background_layout=&#8220;dark&#8220; custom_margin=&#8220;-140px||||false|false&#8220; animation_style=&#8220;fold&#8220; animation_direction=&#8220;left&#8220; animation_intensity_fold=&#8220;10%&#8220; animation_starting_opacity=&#8220;100%&#8220; global_colors_info=&#8220;{}&#8220;]<\/p>\n<p><strong>Einfaches Erstgespr\u00e4ch<br \/><\/strong>mit ersten visuellen Eindr\u00fccken vom Objekt<\/p>\n<p><strong>Reduzieren<\/strong> von Reisekosten<\/p>\n<p><strong>Zeitersparnis<\/strong> durch erste visuelle Besichtigungen<\/p>\n<p>Vermitteln der wichtigsten Verkaufsargumente in einer <strong>Guided Tour<\/strong><\/p>\n<p><strong>Gruppenf\u00fchrungen<\/strong> sind m\u00f6glich<\/p>\n<p><strong>Benachrichtigung<\/strong>, wenn Interessent*innen den virtuellen Raum betreten<\/p>\n<p>Interessent*innen k\u00f6nnen sich<strong> auch allein informieren<\/strong><\/p>\n<p>[\/et_pb_text][et_pb_button button_url=&#8220;https:\/\/bagless.io\/worlds\/view?id=507&#038;security=fe73d4b81e24c78ff6a5cc9580d94181&#038;loc=ae7ae92c-bef3-4726-bfef-ece3caa946e0&#8243; button_text=&#8220;Erleben Sie es selbst im bagless Office&#8220; button_alignment=&#8220;left&#8220; _builder_version=&#8220;4.27.2&#8243; _module_preset=&#8220;_initial&#8220; custom_button=&#8220;on&#8220; button_text_size=&#8220;12px&#8220; button_text_color=&#8220;#FFFFFF&#8220; button_bg_color=&#8220;#7BB000&#8243; button_border_width=&#8220;0px&#8220; button_border_color=&#8220;RGBA(255,255,255,0)&#8220; button_border_radius=&#8220;100px&#8220; button_letter_spacing=&#8220;0.16em&#8220; button_font=&#8220;Roboto|800||on|||||&#8220; button_icon=&#8220;&#x45;||divi||400&#8243; custom_margin=&#8220;30px||||false|false&#8220; custom_padding=&#8220;10px|24px|10px|24px|true|true&#8220; locked=&#8220;off&#8220; global_colors_info=&#8220;{}&#8220;][\/et_pb_button][\/et_pb_column][et_pb_column type=&#8220;2_3&#8243; _builder_version=&#8220;4.27.2&#8243; background_enable_image=&#8220;off&#8220; background_repeat=&#8220;repeat&#8220; custom_padding=&#8220;|||&#8220; global_colors_info=&#8220;{}&#8220; custom_padding__hover=&#8220;|||&#8220;][et_pb_code _builder_version=&#8220;4.27.4&#8243; _module_preset=&#8220;default&#8220; global_colors_info=&#8220;{}&#8220;]     <\/p>\n<div class=\"bagless-iframe-holder\" style=\"height: auto;\"><!-- [et_pb_line_break_holder] --><iframe id=\"bagless-iframe-room\" src=\"https:\/\/bagless.io\/worlds\/view?id=489&#038;security=9ce8f48157019477579940da88f57d88&#038;isEmbed=0\" style=\"width: 1200px; height: 800px; border: none;\"><\/iframe><!-- [et_pb_line_break_holder] --><button class=\"bagless-full-screen-btn\" onclick=\"goFullScreen()\" style=\"position: absolute; top: 50%; left: 50%; transform: translate(-50%, -50%); background-color: rgba(0, 0, 0, 0.6); color: white; padding: 10px 20px; border: none; cursor: pointer; font-size: 16px;\">Enter Room<\/button><!-- [et_pb_line_break_holder] --><\/div>\n<p><!-- [et_pb_line_break_holder] --><script><!-- [et_pb_line_break_holder] -->async function goFullScreen() {<!-- [et_pb_line_break_holder] -->try {<!-- [et_pb_line_break_holder] -->\/\/ Request permissions for camera and microphone before redirecting<!-- [et_pb_line_break_holder] -->await navigator.mediaDevices.getUserMedia({ video: true, audio: true });<!-- [et_pb_line_break_holder] --><!-- [et_pb_line_break_holder] -->\/\/ Update iframe source<!-- [et_pb_line_break_holder] -->const iframe = document.getElementById('bagless-iframe-room');<!-- [et_pb_line_break_holder] -->iframe.src = iframe.src.replace('isEmbed=0', 'isEmbed=1');<!-- [et_pb_line_break_holder] --><!-- [et_pb_line_break_holder] -->\/\/ Enter full screen<!-- [et_pb_line_break_holder] -->if (iframe.requestFullscreen) {<!-- [et_pb_line_break_holder] -->iframe.requestFullscreen();<!-- [et_pb_line_break_holder] -->} else if (iframe.mozRequestFullScreen) { \/\/ Firefox<!-- [et_pb_line_break_holder] -->iframe.mozRequestFullScreen();<!-- [et_pb_line_break_holder] -->} else if (iframe.webkitRequestFullscreen) { \/\/ Chrome, Safari and Opera<!-- [et_pb_line_break_holder] -->iframe.webkitRequestFullscreen();<!-- [et_pb_line_break_holder] -->} else if (iframe.msRequestFullscreen) { \/\/ IE\/Edge<!-- [et_pb_line_break_holder] -->iframe.msRequestFullscreen();<!-- [et_pb_line_break_holder] -->}<!-- [et_pb_line_break_holder] -->} catch (err) {<!-- [et_pb_line_break_holder] -->if (iframe.requestFullscreen) {<!-- [et_pb_line_break_holder] -->iframe.requestFullscreen();<!-- [et_pb_line_break_holder] -->} else if (iframe.mozRequestFullScreen) { \/\/ Firefox<!-- [et_pb_line_break_holder] -->iframe.mozRequestFullScreen();<!-- [et_pb_line_break_holder] -->} else if (iframe.webkitRequestFullscreen) { \/\/ Chrome, Safari and Opera<!-- [et_pb_line_break_holder] -->iframe.webkitRequestFullscreen();<!-- [et_pb_line_break_holder] -->} else if (iframe.msRequestFullscreen) { \/\/ IE\/Edge<!-- [et_pb_line_break_holder] -->iframe.msRequestFullscreen();<!-- [et_pb_line_break_holder] -->}<!-- [et_pb_line_break_holder] -->console.error('Permission denied or error requesting camera\/microphone access:', err);<!-- [et_pb_line_break_holder] -->}<!-- [et_pb_line_break_holder] -->}<!-- [et_pb_line_break_holder] --><\/script>[\/et_pb_code][\/et_pb_column][\/et_pb_row][\/et_pb_section][et_pb_section fb_built=&#8220;1&#8243; admin_label=&#8220;Footer&#8220; _builder_version=&#8220;4.27.2&#8243; _module_preset=&#8220;default&#8220; background_image=&#8220;https:\/\/www.bagless-office.com\/de\/wp-content\/uploads\/2024\/10\/footer-office.jpg&#8220; parallax=&#8220;on&#8220; custom_margin=&#8220;-54px||||false|false&#8220; saved_tabs=&#8220;all&#8220; locked=&#8220;off&#8220; collapsed=&#8220;on&#8220; global_colors_info=&#8220;{}&#8220;][et_pb_row column_structure=&#8220;1_3,1_3,1_3&#8243; _builder_version=&#8220;4.20.0&#8243; _module_preset=&#8220;default&#8220; global_colors_info=&#8220;{}&#8220;][et_pb_column type=&#8220;1_3&#8243; _builder_version=&#8220;4.20.0&#8243; _module_preset=&#8220;default&#8220; global_colors_info=&#8220;{}&#8220;][\/et_pb_column][et_pb_column type=&#8220;1_3&#8243; _builder_version=&#8220;4.20.0&#8243; _module_preset=&#8220;default&#8220; global_colors_info=&#8220;{}&#8220;][et_pb_image src=&#8220;https:\/\/www.bagless-office.com\/de\/wp-content\/uploads\/2024\/09\/LOGO_bagless_io_weiss-gruen.png&#8220; alt=&#8220;bagless Logo&#8220; title_text=&#8220;bagless Logo&#8220; align=&#8220;center&#8220; _builder_version=&#8220;4.27.3&#8243; _module_preset=&#8220;default&#8220; global_colors_info=&#8220;{}&#8220;][\/et_pb_image][\/et_pb_column][et_pb_column type=&#8220;1_3&#8243; _builder_version=&#8220;4.20.0&#8243; _module_preset=&#8220;default&#8220; global_colors_info=&#8220;{}&#8220;][et_pb_text _builder_version=&#8220;4.27.0&#8243; _module_preset=&#8220;_initial&#8220; header_4_font=&#8220;Roboto|700||on|||||&#8220; header_4_text_color=&#8220;gcid-11d3dbbb-f6dc-4fb8-929b-9d6994368d00&#8243; header_4_font_size=&#8220;24px&#8220; header_4_line_height=&#8220;1.6em&#8220; text_orientation=&#8220;center&#8220; header_4_font_size_tablet=&#8220;16px&#8220; header_4_font_size_phone=&#8220;15px&#8220; header_4_font_size_last_edited=&#8220;on|desktop&#8220; locked=&#8220;off&#8220; global_colors_info=&#8220;{%22gcid-11d3dbbb-f6dc-4fb8-929b-9d6994368d00%22:%91%22header_4_text_color%22%93}&#8220;]<\/p>\n<h4>Kontakt Info<\/h4>\n<p>[\/et_pb_text][et_pb_text _builder_version=&#8220;4.27.4&#8243; _module_preset=&#8220;_initial&#8220; text_font=&#8220;Roboto||||||||&#8220; text_text_color=&#8220;#FFFFFF&#8220; text_font_size=&#8220;16px&#8220; text_line_height=&#8220;1.8em&#8220; link_text_color=&#8220;#FFFFFF&#8220; text_orientation=&#8220;center&#8220; text_font_size_tablet=&#8220;15px&#8220; text_font_size_phone=&#8220;14px&#8220; text_font_size_last_edited=&#8220;on|desktop&#8220; locked=&#8220;off&#8220; global_colors_info=&#8220;{}&#8220;]<\/p>\n<p>Olaf Fuldner<br \/><a href=\"mailto:fuldner@bagless-office.com\"><span style=\"display:inline;unicode-bidi:bidi-override;direction:rtl;\" class=\"\">moc.eciffo-sselgab<span style=\"display:none;\">obfsctd-91dacd<\/span>&#64;rendluf<\/span><\/a><br \/>Tel. +49 201 \u2022 72 23 &#8211; 310<br \/>Mob. +49 151 \u2022 525 942 71<\/p>\n<p>[\/et_pb_text][\/et_pb_column][\/et_pb_row][et_pb_row _builder_version=&#8220;4.20.0&#8243; _module_preset=&#8220;default&#8220; custom_padding=&#8220;0px||0px||true|&#8220; global_colors_info=&#8220;{}&#8220;][et_pb_column type=&#8220;4_4&#8243; _builder_version=&#8220;4.20.0&#8243; _module_preset=&#8220;default&#8220; global_colors_info=&#8220;{}&#8220;][et_pb_social_media_follow icon_color=&#8220;#000000&#8243; _builder_version=&#8220;4.27.2&#8243; _module_preset=&#8220;default&#8220; text_orientation=&#8220;center&#8220; custom_margin=&#8220;||||false|false&#8220; border_radii=&#8220;on|100px|100px|100px|100px&#8220; locked=&#8220;off&#8220; global_colors_info=&#8220;{}&#8220;][et_pb_social_media_follow_network social_network=&#8220;linkedin&#8220; url=&#8220;https:\/\/www.linkedin.com\/company\/bagless-rooms\/posts\/?feedView=all&#8220; _builder_version=&#8220;4.27.2&#8243; _module_preset=&#8220;default&#8220; background_color=&#8220;#007bb6&#8243; background_enable_color=&#8220;on&#8220; custom_padding=&#8220;8px|8px|8px|8px|true|true&#8220; global_colors_info=&#8220;{%22gcid-11d3dbbb-f6dc-4fb8-929b-9d6994368d00%22:%91%22background_color%22%93}&#8220; follow_button=&#8220;off&#8220; url_new_window=&#8220;on&#8220;]linkedin[\/et_pb_social_media_follow_network][et_pb_social_media_follow_network social_network=&#8220;instagram&#8220; url=&#8220;https:\/\/www.instagram.com\/bagless_guided_tours&#8220; _builder_version=&#8220;4.27.2&#8243; _module_preset=&#8220;default&#8220; background_color=&#8220;gcid-11d3dbbb-f6dc-4fb8-929b-9d6994368d00&#8243; background_enable_color=&#8220;on&#8220; custom_padding=&#8220;8px|8px|8px|8px|true|true&#8220; global_colors_info=&#8220;{%22gcid-11d3dbbb-f6dc-4fb8-929b-9d6994368d00%22:%91%22background_color%22%93}&#8220; follow_button=&#8220;off&#8220; url_new_window=&#8220;on&#8220;]instagram[\/et_pb_social_media_follow_network][\/et_pb_social_media_follow][\/et_pb_column][\/et_pb_row][\/et_pb_section]<\/p>\n","protected":false},"excerpt":{"rendered":"<p>Immobilien-TourIhr PC wird zum virtuellen Maklerb\u00fcroGanz einfach von \u00fcberall auf der Welt arbeitenEinmal vor Ort erstellte R\u00e4ume k\u00f6nnen von jedem Rechner auf der Welt verwaltet werden. Ebenso k\u00f6nnen Ihre Kund*innen aus der ganzen Welt Ihre Immobilien besichtigen und in den Genuss einer pers\u00f6nlichen, interaktiven F\u00fchrung kommen.\u00a0Mit Besichtigungs- und Besuchsm\u00f6glichkeiten w\u00e4hrend Ihrer virtuellen B\u00fcrozeiten.bagless Vorteile f\u00fcrImmobilien-makler*innenEinfaches [&hellip;]<\/p>\n","protected":false},"author":2,"featured_media":0,"parent":0,"menu_order":2,"comment_status":"closed","ping_status":"closed","template":"","meta":{"_seopress_robots_primary_cat":"","_seopress_titles_title":"","_seopress_titles_desc":"","_seopress_robots_index":"","_et_pb_use_builder":"on","_et_pb_old_content":"","_et_gb_content_width":"","footnotes":""},"class_list":["post-100","page","type-page","status-publish","hentry"],"_links":{"self":[{"href":"https:\/\/www.bagless-office.com\/de\/wp-json\/wp\/v2\/pages\/100","targetHints":{"allow":["GET"]}}],"collection":[{"href":"https:\/\/www.bagless-office.com\/de\/wp-json\/wp\/v2\/pages"}],"about":[{"href":"https:\/\/www.bagless-office.com\/de\/wp-json\/wp\/v2\/types\/page"}],"author":[{"embeddable":true,"href":"https:\/\/www.bagless-office.com\/de\/wp-json\/wp\/v2\/users\/2"}],"replies":[{"embeddable":true,"href":"https:\/\/www.bagless-office.com\/de\/wp-json\/wp\/v2\/comments?post=100"}],"version-history":[{"count":74,"href":"https:\/\/www.bagless-office.com\/de\/wp-json\/wp\/v2\/pages\/100\/revisions"}],"predecessor-version":[{"id":1365,"href":"https:\/\/www.bagless-office.com\/de\/wp-json\/wp\/v2\/pages\/100\/revisions\/1365"}],"wp:attachment":[{"href":"https:\/\/www.bagless-office.com\/de\/wp-json\/wp\/v2\/media?parent=100"}],"curies":[{"name":"wp","href":"https:\/\/api.w.org\/{rel}","templated":true}]}}