{"id":1397,"date":"2025-07-01T17:34:10","date_gmt":"2025-07-01T15:34:10","guid":{"rendered":"https:\/\/www.bagless-office.com\/de\/?page_id=1397"},"modified":"2025-07-03T10:34:30","modified_gmt":"2025-07-03T08:34:30","slug":"fuer-destinationsmanagement-und-marketing","status":"publish","type":"page","link":"https:\/\/www.bagless-office.com\/de\/fuer-destinationsmanagement-und-marketing\/","title":{"rendered":"F\u00fcr Destinationsmanagement- und Marketing"},"content":{"rendered":"<p>[et_pb_section fb_built=&#8220;1&#8243; admin_label=&#8220;Hero Section&#8220; _builder_version=&#8220;4.27.4&#8243; use_background_color_gradient=&#8220;on&#8220; background_color_gradient_direction=&#8220;120deg&#8220; background_color_gradient_stops=&#8220;#000000 0%|rgba(0,0,0,0) 50%&#8220; background_color_gradient_overlays_image=&#8220;on&#8220; background_color_gradient_start=&#8220;#000000&#8243; background_color_gradient_end=&#8220;rgba(0,0,0,0)&#8220; background_enable_image=&#8220;off&#8220; parallax=&#8220;on&#8220; background_video_mp4=&#8220;https:\/\/www.bagless-office.com\/de\/wp-content\/uploads\/2025\/07\/ejemplo.mp4&#8243; min_height=&#8220;900.9px&#8220; custom_padding=&#8220;10%||10%|&#8220; locked=&#8220;off&#8220; global_colors_info=&#8220;{}&#8220;][et_pb_row _builder_version=&#8220;4.27.3&#8243; _module_preset=&#8220;default&#8220; global_colors_info=&#8220;{}&#8220;][et_pb_column type=&#8220;4_4&#8243; _builder_version=&#8220;4.27.3&#8243; _module_preset=&#8220;default&#8220; global_colors_info=&#8220;{}&#8220;][et_pb_image src=&#8220;https:\/\/www.bagless-office.com\/de\/wp-content\/uploads\/2024\/09\/LOGO_bagless_io_GRUeN-1.png&#8220; alt=&#8220;bagless Logo&#8220; title_text=&#8220;bagless Logo&#8220; align=&#8220;center&#8220; _builder_version=&#8220;4.27.3&#8243; _module_preset=&#8220;default&#8220; width=&#8220;62%&#8220; max_width=&#8220;62%&#8220; animation_style=&#8220;fade&#8220; global_colors_info=&#8220;{}&#8220;][\/et_pb_image][et_pb_text _builder_version=&#8220;4.27.4&#8243; _module_preset=&#8220;_initial&#8220; header_font=&#8220;Gudea|700|||||||&#8220; header_text_color=&#8220;#FFFFFF&#8220; header_font_size=&#8220;72px&#8220; header_line_height=&#8220;1.2em&#8220; text_orientation=&#8220;center&#8220; hover_enabled=&#8220;0&#8243; header_font_size_tablet=&#8220;40px&#8220; header_font_size_phone=&#8220;24px&#8220; header_font_size_last_edited=&#8220;on|desktop&#8220; header_text_shadow_style=&#8220;preset3&#8243; locked=&#8220;off&#8220; global_colors_info=&#8220;{}&#8220; sticky_enabled=&#8220;0&#8243;]<\/p>\n<h1>Gef\u00fchrte Touren f\u00fcr<br \/>Destinationsmanagement und<br \/>-marketing<\/h1>\n<p>[\/et_pb_text][\/et_pb_column][\/et_pb_row][\/et_pb_section][et_pb_section fb_built=&#8220;1&#8243; _builder_version=&#8220;4.27.4&#8243; _module_preset=&#8220;default&#8220; global_colors_info=&#8220;{}&#8220;][et_pb_row _builder_version=&#8220;4.27.4&#8243; _module_preset=&#8220;default&#8220; global_colors_info=&#8220;{}&#8220;][et_pb_column type=&#8220;4_4&#8243; _builder_version=&#8220;4.27.4&#8243; _module_preset=&#8220;default&#8220; global_colors_info=&#8220;{}&#8220;][et_pb_text _builder_version=&#8220;4.27.4&#8243; _module_preset=&#8220;_initial&#8220; header_2_font=&#8220;Gudea|700||on|||||&#8220; header_2_text_color=&#8220;#7BB000&#8243; header_2_font_size=&#8220;40px&#8220; header_3_font=&#8220;Gudea|700||on|||||&#8220; header_3_text_color=&#8220;#000000&#8243; header_3_font_size=&#8220;26px&#8220; header_3_line_height=&#8220;1.4em&#8220; text_orientation=&#8220;center&#8220; custom_margin=&#8220;1px||||false|false&#8220; header_3_font_size_tablet=&#8220;20px&#8220; header_3_font_size_phone=&#8220;16px&#8220; header_3_font_size_last_edited=&#8220;on|desktop&#8220; locked=&#8220;off&#8220; global_colors_info=&#8220;{}&#8220;]<\/p>\n<h2>Destinationen erleben, bevor man ankommt<\/h2>\n<p>[\/et_pb_text][et_pb_text _builder_version=&#8220;4.27.4&#8243; text_font=&#8220;Poppins|700|||||||&#8220; text_text_color=&#8220;#1E1D1C&#8220; text_font_size=&#8220;18px&#8220; text_line_height=&#8220;1.8em&#8220; text_orientation=&#8220;center&#8220; custom_margin=&#8220;25px|||&#8220; custom_padding=&#8220;||1px|||&#8220; animation_style=&#8220;fold&#8220; animation_direction=&#8220;left&#8220; animation_intensity_fold=&#8220;10%&#8220; animation_starting_opacity=&#8220;100%&#8220; locked=&#8220;off&#8220; global_colors_info=&#8220;{}&#8220;]<\/p>\n<p data-start=\"3556\" data-end=\"3678\"><strong data-start=\"3601\" data-end=\"3678\">Virtuelle Touren f\u00fcr Reiseprofis \u2013 weltweit, interaktiv und beeindruckend<\/strong><\/p>\n<p data-start=\"3680\" data-end=\"4156\">[\/et_pb_text][et_pb_divider color=&#8220;#fdb467&#8243; divider_position=&#8220;center&#8220; divider_weight=&#8220;3px&#8220; _builder_version=&#8220;4.27.2&#8243; max_width=&#8220;50px&#8220; module_alignment=&#8220;center&#8220; animation_style=&#8220;slide&#8220; animation_direction=&#8220;top&#8220; animation_intensity_slide=&#8220;10%&#8220; animation_starting_opacity=&#8220;100%&#8220; locked=&#8220;off&#8220; global_colors_info=&#8220;{}&#8220;][\/et_pb_divider][et_pb_text _builder_version=&#8220;4.27.4&#8243; text_font=&#8220;Poppins||||||||&#8220; text_text_color=&#8220;#000000&#8243; text_font_size=&#8220;18px&#8220; text_line_height=&#8220;1.8em&#8220; text_orientation=&#8220;center&#8220; custom_margin=&#8220;25px|||&#8220; custom_padding=&#8220;||1px|||&#8220; animation_style=&#8220;fold&#8220; animation_direction=&#8220;left&#8220; animation_intensity_fold=&#8220;10%&#8220; animation_starting_opacity=&#8220;100%&#8220; locked=&#8220;off&#8220; global_colors_info=&#8220;{}&#8220;]<\/p>\n<p>Tourismusverantwortliche weltweit m\u00fcssen t\u00e4glich entscheiden, wohin sie ihre G\u00e4ste schicken. Mit <span style=\"color: #99cc00;\"><strong>bagless<\/strong><\/span> k\u00f6nnen Sie Ihre Destination \u2013 wie die traumhafte \u201eIsla de Ejemplo\u201c \u2013 emotional, visuell und sprachlich perfekt pr\u00e4sentieren.<\/p>\n<p>Unsere gef\u00fchrten 360\u00b0-Touren erm\u00f6glichen es, Inseln, St\u00e4dte und Regionen in Echtzeit zu zeigen, Fragen direkt zu beantworten und alle Beteiligten in ihrer Sprache abzuholen. So f\u00fchlt sich digitales Reisen pers\u00f6nlich an \u2013 und \u00fcberzeugt nachhaltig.<\/p>\n<p>&nbsp;<\/p>\n<p>&nbsp;<\/p>\n<p><strong>Erleben Sie die Vorteile indem Sie das folgende Video starten.<\/strong><\/p>\n<p>[\/et_pb_text][\/et_pb_column][\/et_pb_row][\/et_pb_section][et_pb_section fb_built=&#8220;1&#8243; fullwidth=&#8220;on&#8220; _builder_version=&#8220;4.27.4&#8243; _module_preset=&#8220;default&#8220; global_colors_info=&#8220;{}&#8220;][et_pb_fullwidth_code _builder_version=&#8220;4.27.4&#8243; _module_preset=&#8220;default&#8220; global_colors_info=&#8220;{}&#8220;]<video controls style=\"width: 100%; height: auto; display: block;\"><!-- [et_pb_line_break_holder] --><source src=\"https:\/\/www.bagless-office.com\/de\/wp-content\/uploads\/2025\/07\/EJEMPLO_destinaton_fin-1.mp4\" type=\"video\/mp4\"><!-- [et_pb_line_break_holder] -->  Dein Browser unterst\u00fctzt kein HTML5-Video.<!-- [et_pb_line_break_holder] --><\/video>[\/et_pb_fullwidth_code][\/et_pb_section][et_pb_section fb_built=&#8220;1&#8243; module_id=&#8220;cafe&#8220; _builder_version=&#8220;4.27.2&#8243; _module_preset=&#8220;default&#8220; background_image=&#8220;https:\/\/www.bagless-office.com\/de\/wp-content\/uploads\/2024\/10\/cafe-back.jpg&#8220; parallax=&#8220;on&#8220; locked=&#8220;off&#8220; global_colors_info=&#8220;{}&#8220;][et_pb_row _builder_version=&#8220;4.27.2&#8243; _module_preset=&#8220;default&#8220; global_colors_info=&#8220;{}&#8220;][et_pb_column type=&#8220;4_4&#8243; _builder_version=&#8220;4.27.2&#8243; _module_preset=&#8220;default&#8220; global_colors_info=&#8220;{}&#8220;][et_pb_image src=&#8220;https:\/\/www.bagless-office.com\/de\/wp-content\/uploads\/2024\/09\/LOGO_bagless_io_GRUeN-GRAU.png&#8220; alt=&#8220;bagless Logo&#8220; title_text=&#8220;bagless Logo&#8220; _builder_version=&#8220;4.27.2&#8243; _module_preset=&#8220;default&#8220; width=&#8220;28%&#8220; max_width=&#8220;28%&#8220; module_alignment=&#8220;center&#8220; global_colors_info=&#8220;{}&#8220;][\/et_pb_image][et_pb_text _builder_version=&#8220;4.27.4&#8243; _module_preset=&#8220;_initial&#8220; header_3_font=&#8220;Gudea|700|on||||||&#8220; header_3_text_color=&#8220;#0F1D37&#8243; header_3_font_size=&#8220;26px&#8220; header_3_line_height=&#8220;1.4em&#8220; text_orientation=&#8220;center&#8220; custom_margin=&#8220;-20px||50px||false|false&#8220; header_3_font_size_tablet=&#8220;20px&#8220; header_3_font_size_phone=&#8220;16px&#8220; header_3_font_size_last_edited=&#8220;on|desktop&#8220; locked=&#8220;off&#8220; global_colors_info=&#8220;{}&#8220;]<\/p>\n<h3>presents<\/h3>\n<p>[\/et_pb_text][et_pb_text admin_label=&#8220;Title&#8220; _builder_version=&#8220;4.27.4&#8243; header_font=&#8220;||||||||&#8220; header_2_font=&#8220;Gudea|600|||||||&#8220; header_2_text_align=&#8220;center&#8220; header_2_text_color=&#8220;#0F1D37&#8243; header_2_font_size=&#8220;36px&#8220; header_2_line_height=&#8220;1.2em&#8220; animation_style=&#8220;fold&#8220; animation_direction=&#8220;left&#8220; animation_intensity_fold=&#8220;10%&#8220; animation_starting_opacity=&#8220;100%&#8220; locked=&#8220;off&#8220; global_colors_info=&#8220;{}&#8220;]<\/p>\n<h2>Gef\u00fchrte Touren mit Simultan\u00fcbersetzung<\/h2>\n<p>[\/et_pb_text][et_pb_text _builder_version=&#8220;4.27.4&#8243; text_font=&#8220;Poppins|700|||||||&#8220; text_text_color=&#8220;#1E1D1C&#8220; text_font_size=&#8220;18px&#8220; text_line_height=&#8220;1.8em&#8220; text_orientation=&#8220;center&#8220; custom_margin=&#8220;25px|||&#8220; custom_padding=&#8220;||1px|||&#8220; animation_style=&#8220;fold&#8220; animation_direction=&#8220;left&#8220; animation_intensity_fold=&#8220;10%&#8220; animation_starting_opacity=&#8220;100%&#8220; locked=&#8220;off&#8220; global_colors_info=&#8220;{}&#8220;]<\/p>\n<p>Was macht diese Touren so besonders?<\/p>\n<p>[\/et_pb_text][et_pb_divider color=&#8220;#fdb467&#8243; divider_position=&#8220;center&#8220; divider_weight=&#8220;3px&#8220; _builder_version=&#8220;4.27.2&#8243; max_width=&#8220;50px&#8220; module_alignment=&#8220;center&#8220; animation_style=&#8220;slide&#8220; animation_direction=&#8220;top&#8220; animation_intensity_slide=&#8220;10%&#8220; animation_starting_opacity=&#8220;100%&#8220; locked=&#8220;off&#8220; global_colors_info=&#8220;{}&#8220;][\/et_pb_divider][\/et_pb_column][\/et_pb_row][et_pb_row column_structure=&#8220;2_5,3_5&#8243; _builder_version=&#8220;4.27.4&#8243; _module_preset=&#8220;default&#8220; global_colors_info=&#8220;{}&#8220;][et_pb_column type=&#8220;2_5&#8243; _builder_version=&#8220;4.27.4&#8243; _module_preset=&#8220;default&#8220; global_colors_info=&#8220;{}&#8220;][et_pb_image src=&#8220;https:\/\/www.bagless-office.com\/de\/wp-content\/uploads\/2025\/06\/at_ai_Cartoon-style_illustration_of_a_smiling_female_translat_62f3e8bb-80a2-4eb1-9ced-a620478886b9_1.gif&#8220; alt=&#8220;simultanuerbersetzerin&#8220; title_text=&#8220;simultanuerbersetzerin&#8220; _builder_version=&#8220;4.27.4&#8243; _module_preset=&#8220;default&#8220; global_colors_info=&#8220;{}&#8220;][\/et_pb_image][\/et_pb_column][et_pb_column type=&#8220;3_5&#8243; _builder_version=&#8220;4.27.4&#8243; _module_preset=&#8220;default&#8220; global_colors_info=&#8220;{}&#8220;][et_pb_text _builder_version=&#8220;4.27.4&#8243; text_font=&#8220;Poppins||||||||&#8220; text_text_color=&#8220;#1E1D1C&#8220; text_font_size=&#8220;18px&#8220; text_line_height=&#8220;1.8em&#8220; text_orientation=&#8220;center&#8220; custom_margin=&#8220;25px|||&#8220; custom_padding=&#8220;||1px|||&#8220; animation_style=&#8220;fold&#8220; animation_direction=&#8220;left&#8220; animation_intensity_fold=&#8220;10%&#8220; animation_starting_opacity=&#8220;100%&#8220; locked=&#8220;off&#8220; global_colors_info=&#8220;{}&#8220;]<\/p>\n<p data-start=\"1070\" data-end=\"1230\" style=\"text-align: left;\"><strong data-start=\"1070\" data-end=\"1106\">Simultan\u00fcbersetzung in Echtzeit:<br \/><\/strong>Jede Person h\u00f6rt und spricht in ihrer eigenen Sprache. \u00dcbersetzungen erfolgen verz\u00f6gerungsfrei, dialogisch und nat\u00fcrlich.<br \/><strong data-start=\"1233\" data-end=\"1265\"><\/strong><\/p>\n<p>[\/et_pb_text][\/et_pb_column][\/et_pb_row][et_pb_row column_structure=&#8220;2_5,3_5&#8243; _builder_version=&#8220;4.27.4&#8243; _module_preset=&#8220;default&#8220; global_colors_info=&#8220;{}&#8220;][et_pb_column type=&#8220;2_5&#8243; _builder_version=&#8220;4.27.4&#8243; _module_preset=&#8220;default&#8220; global_colors_info=&#8220;{}&#8220;][et_pb_image src=&#8220;https:\/\/www.bagless-office.com\/de\/wp-content\/uploads\/2025\/06\/at_ai_Illustration_in_cartoon_style._A_smiling_businessman_gi_7c852e8b-9022-498e-8f74-0bc37b6db97b_2.gif&#8220; alt=&#8220;praesentation&#8220; title_text=&#8220;praesentation&#8220; _builder_version=&#8220;4.27.4&#8243; _module_preset=&#8220;default&#8220; global_colors_info=&#8220;{}&#8220;][\/et_pb_image][\/et_pb_column][et_pb_column type=&#8220;3_5&#8243; _builder_version=&#8220;4.27.4&#8243; _module_preset=&#8220;default&#8220; global_colors_info=&#8220;{}&#8220;][et_pb_text _builder_version=&#8220;4.27.4&#8243; text_font=&#8220;Poppins||||||||&#8220; text_text_color=&#8220;#1E1D1C&#8220; text_font_size=&#8220;18px&#8220; text_line_height=&#8220;1.8em&#8220; text_orientation=&#8220;center&#8220; custom_margin=&#8220;25px|||&#8220; custom_padding=&#8220;||1px|||&#8220; animation_style=&#8220;fold&#8220; animation_direction=&#8220;left&#8220; animation_intensity_fold=&#8220;10%&#8220; animation_starting_opacity=&#8220;100%&#8220; locked=&#8220;off&#8220; global_colors_info=&#8220;{}&#8220;]<\/p>\n<p data-start=\"1070\" data-end=\"1230\" style=\"text-align: left;\"><strong data-start=\"1233\" data-end=\"1265\">Multimediale Pr\u00e4sentationen:<br \/><\/strong>Videos, Bilder, PowerPoints oder Webseiten \u2013 Inhalte werden live eingeblendet und gemeinsam erkundet.<br \/><strong data-start=\"1233\" data-end=\"1265\"><\/strong><\/p>\n<p>[\/et_pb_text][\/et_pb_column][\/et_pb_row][et_pb_row column_structure=&#8220;2_5,3_5&#8243; _builder_version=&#8220;4.27.4&#8243; _module_preset=&#8220;default&#8220; global_colors_info=&#8220;{}&#8220;][et_pb_column type=&#8220;2_5&#8243; _builder_version=&#8220;4.27.4&#8243; _module_preset=&#8220;default&#8220; global_colors_info=&#8220;{}&#8220;][et_pb_image src=&#8220;https:\/\/www.bagless-office.com\/de\/wp-content\/uploads\/2025\/06\/at_ai_Illustration_in_cartoon_style._Several_business_partner_74424bcc-054c-4c3e-81c1-ac514c9bb1ee_1.gif&#8220; alt=&#8220;interaktiv&#8220; title_text=&#8220;interaktiv&#8220; _builder_version=&#8220;4.27.4&#8243; _module_preset=&#8220;default&#8220; global_colors_info=&#8220;{}&#8220;][\/et_pb_image][\/et_pb_column][et_pb_column type=&#8220;3_5&#8243; _builder_version=&#8220;4.27.4&#8243; _module_preset=&#8220;default&#8220; global_colors_info=&#8220;{}&#8220;][et_pb_text _builder_version=&#8220;4.27.4&#8243; text_font=&#8220;Poppins||||||||&#8220; text_text_color=&#8220;#1E1D1C&#8220; text_font_size=&#8220;18px&#8220; text_line_height=&#8220;1.8em&#8220; text_orientation=&#8220;center&#8220; custom_margin=&#8220;25px|||&#8220; custom_padding=&#8220;||1px|||&#8220; animation_style=&#8220;fold&#8220; animation_direction=&#8220;left&#8220; animation_intensity_fold=&#8220;10%&#8220; animation_starting_opacity=&#8220;100%&#8220; locked=&#8220;off&#8220; global_colors_info=&#8220;{}&#8220;]<\/p>\n<p data-start=\"1070\" data-end=\"1230\" style=\"text-align: left;\"><strong data-start=\"1372\" data-end=\"1405\">Interaktivit\u00e4t auf Augenh\u00f6he:<br \/><\/strong>Besuchende k\u00f6nnen sich aktiv beteiligen \u2013 Fragen stellen, diskutieren, sich vernetzen.<br \/><strong data-start=\"1233\" data-end=\"1265\"><\/strong><\/p>\n<p>[\/et_pb_text][\/et_pb_column][\/et_pb_row][et_pb_row column_structure=&#8220;2_5,3_5&#8243; _builder_version=&#8220;4.27.4&#8243; _module_preset=&#8220;default&#8220; global_colors_info=&#8220;{}&#8220;][et_pb_column type=&#8220;2_5&#8243; _builder_version=&#8220;4.27.4&#8243; _module_preset=&#8220;default&#8220; global_colors_info=&#8220;{}&#8220;][et_pb_image src=&#8220;https:\/\/www.bagless-office.com\/de\/wp-content\/uploads\/2025\/06\/at_ai_Illustration_in_a_modern_and_simple_cartoon_style._Two__ac62c6c6-dd08-4943-9183-82674390f254_1.gif&#8220; alt=&#8220;gespraech&#8220; title_text=&#8220;gespraech&#8220; _builder_version=&#8220;4.27.4&#8243; _module_preset=&#8220;default&#8220; global_colors_info=&#8220;{}&#8220;][\/et_pb_image][\/et_pb_column][et_pb_column type=&#8220;3_5&#8243; _builder_version=&#8220;4.27.4&#8243; _module_preset=&#8220;default&#8220; global_colors_info=&#8220;{}&#8220;][et_pb_text _builder_version=&#8220;4.27.4&#8243; text_font=&#8220;Poppins||||||||&#8220; text_text_color=&#8220;#1E1D1C&#8220; text_font_size=&#8220;18px&#8220; text_line_height=&#8220;1.8em&#8220; text_orientation=&#8220;center&#8220; custom_margin=&#8220;25px|||&#8220; custom_padding=&#8220;||1px|||&#8220; animation_style=&#8220;fold&#8220; animation_direction=&#8220;left&#8220; animation_intensity_fold=&#8220;10%&#8220; animation_starting_opacity=&#8220;100%&#8220; locked=&#8220;off&#8220; global_colors_info=&#8220;{}&#8220;]<\/p>\n<p data-start=\"1070\" data-end=\"1230\" style=\"text-align: left;\"><strong data-start=\"1497\" data-end=\"1528\">Pers\u00f6nlich &amp; professionell:<br \/><\/strong>Der gef\u00fchrte Touren sorgt f\u00fcr Struktur, N\u00e4he und individuelle Ansprache \u2013 ideal f\u00fcr erkl\u00e4rungsbed\u00fcrftige Inhalte.<br \/><strong data-start=\"1233\" data-end=\"1265\"><\/strong><\/p>\n<p>[\/et_pb_text][\/et_pb_column][\/et_pb_row][et_pb_row column_structure=&#8220;2_5,3_5&#8243; _builder_version=&#8220;4.27.4&#8243; _module_preset=&#8220;default&#8220; global_colors_info=&#8220;{}&#8220;][et_pb_column type=&#8220;2_5&#8243; _builder_version=&#8220;4.27.4&#8243; _module_preset=&#8220;default&#8220; global_colors_info=&#8220;{}&#8220;][et_pb_image src=&#8220;https:\/\/www.bagless-office.com\/de\/wp-content\/uploads\/2025\/06\/at_ai_Illustration_in_cartoon_style._A_split_screen_shows_fou_1bed121d-1c1c-4f11-ba8a-d80aec9b9c1d_2.gif&#8220; alt=&#8220;weltweit&#8220; title_text=&#8220;weltweit&#8220; _builder_version=&#8220;4.27.4&#8243; _module_preset=&#8220;default&#8220; global_colors_info=&#8220;{}&#8220;][\/et_pb_image][\/et_pb_column][et_pb_column type=&#8220;3_5&#8243; _builder_version=&#8220;4.27.4&#8243; _module_preset=&#8220;default&#8220; global_colors_info=&#8220;{}&#8220;][et_pb_text _builder_version=&#8220;4.27.4&#8243; text_font=&#8220;Poppins||||||||&#8220; text_text_color=&#8220;#1E1D1C&#8220; text_font_size=&#8220;18px&#8220; text_line_height=&#8220;1.8em&#8220; text_orientation=&#8220;center&#8220; custom_margin=&#8220;25px|||&#8220; custom_padding=&#8220;||1px|||&#8220; animation_style=&#8220;fold&#8220; animation_direction=&#8220;left&#8220; animation_intensity_fold=&#8220;10%&#8220; animation_starting_opacity=&#8220;100%&#8220; locked=&#8220;off&#8220; global_colors_info=&#8220;{}&#8220;]<\/p>\n<p data-start=\"1070\" data-end=\"1230\" style=\"text-align: left;\"><strong data-start=\"1647\" data-end=\"1675\">Keine Anreise notwendig:<br \/><\/strong>Ortsunabh\u00e4ngig, klimafreundlich und zeitsparend \u2013 bagless bringt alle zusammen, wo immer sie sind.<br \/><strong data-start=\"1233\" data-end=\"1265\"><\/strong><\/p>\n<p>[\/et_pb_text][\/et_pb_column][\/et_pb_row][\/et_pb_section][et_pb_section fb_built=&#8220;1&#8243; admin_label=&#8220;Hero Section&#8220; _builder_version=&#8220;4.27.4&#8243; use_background_color_gradient=&#8220;on&#8220; background_color_gradient_direction=&#8220;120deg&#8220; background_color_gradient_stops=&#8220;#000000 0%|rgba(0,0,0,0) 50%&#8220; background_color_gradient_overlays_image=&#8220;on&#8220; background_color_gradient_start=&#8220;#000000&#8243; background_color_gradient_end=&#8220;rgba(0,0,0,0)&#8220; background_enable_image=&#8220;off&#8220; parallax=&#8220;on&#8220; background_video_mp4=&#8220;https:\/\/www.bagless-office.com\/de\/wp-content\/uploads\/2024\/11\/Office_360_30sek-1.mp4&#8243; min_height=&#8220;900.9px&#8220; custom_padding=&#8220;10%||10%|&#8220; locked=&#8220;off&#8220; global_colors_info=&#8220;{}&#8220;][\/et_pb_section][et_pb_section fb_built=&#8220;1&#8243; admin_label=&#8220;Footer&#8220; _builder_version=&#8220;4.27.2&#8243; _module_preset=&#8220;default&#8220; background_image=&#8220;https:\/\/www.bagless-office.com\/de\/wp-content\/uploads\/2024\/10\/footer-office.jpg&#8220; parallax=&#8220;on&#8220; saved_tabs=&#8220;all&#8220; collapsed=&#8220;on&#8220; global_colors_info=&#8220;{}&#8220;][et_pb_row column_structure=&#8220;1_3,1_3,1_3&#8243; _builder_version=&#8220;4.20.0&#8243; _module_preset=&#8220;default&#8220; global_colors_info=&#8220;{}&#8220;][et_pb_column type=&#8220;1_3&#8243; _builder_version=&#8220;4.20.0&#8243; _module_preset=&#8220;default&#8220; global_colors_info=&#8220;{}&#8220;][\/et_pb_column][et_pb_column type=&#8220;1_3&#8243; _builder_version=&#8220;4.20.0&#8243; _module_preset=&#8220;default&#8220; global_colors_info=&#8220;{}&#8220;][et_pb_image src=&#8220;https:\/\/www.bagless-office.com\/de\/wp-content\/uploads\/2024\/09\/LOGO_bagless_io_weiss-gruen.png&#8220; alt=&#8220;bagless Logo&#8220; title_text=&#8220;bagless Logo&#8220; align=&#8220;center&#8220; _builder_version=&#8220;4.27.0&#8243; _module_preset=&#8220;default&#8220; max_height=&#8220;80px&#8220; global_colors_info=&#8220;{}&#8220;][\/et_pb_image][\/et_pb_column][et_pb_column type=&#8220;1_3&#8243; _builder_version=&#8220;4.20.0&#8243; _module_preset=&#8220;default&#8220; global_colors_info=&#8220;{}&#8220;][et_pb_text _builder_version=&#8220;4.27.0&#8243; _module_preset=&#8220;_initial&#8220; header_4_font=&#8220;Roboto|700||on|||||&#8220; header_4_text_color=&#8220;gcid-11d3dbbb-f6dc-4fb8-929b-9d6994368d00&#8243; header_4_font_size=&#8220;24px&#8220; header_4_line_height=&#8220;1.6em&#8220; text_orientation=&#8220;center&#8220; header_4_font_size_tablet=&#8220;16px&#8220; header_4_font_size_phone=&#8220;15px&#8220; header_4_font_size_last_edited=&#8220;on|desktop&#8220; locked=&#8220;off&#8220; global_colors_info=&#8220;{%22gcid-11d3dbbb-f6dc-4fb8-929b-9d6994368d00%22:%91%22header_4_text_color%22%93}&#8220;]<\/p>\n<h4>Kontakt Info<\/h4>\n<p>[\/et_pb_text][et_pb_text _builder_version=&#8220;4.27.4&#8243; _module_preset=&#8220;_initial&#8220; text_font=&#8220;Roboto||||||||&#8220; text_text_color=&#8220;#FFFFFF&#8220; text_font_size=&#8220;16px&#8220; text_line_height=&#8220;1.8em&#8220; link_text_color=&#8220;#FFFFFF&#8220; text_orientation=&#8220;center&#8220; text_font_size_tablet=&#8220;15px&#8220; text_font_size_phone=&#8220;14px&#8220; text_font_size_last_edited=&#8220;on|desktop&#8220; locked=&#8220;off&#8220; global_colors_info=&#8220;{}&#8220;]<\/p>\n<p>Olaf Fuldner<br \/><a href=\"mailto:fuldner@bagless-office.com\"><span style=\"display:inline;unicode-bidi:bidi-override;direction:rtl;\" class=\"\">moc.eciffo-sselgab<span style=\"display:none;\">obfsctd-25ba02<\/span>&#64;rendluf<\/span><\/a><br \/>Tel. +49 201 \u2022 72 23 &#8211; 310<br \/>Mob. +49 151 \u2022 525 942 71<\/p>\n<p>[\/et_pb_text][\/et_pb_column][\/et_pb_row][et_pb_row _builder_version=&#8220;4.20.0&#8243; _module_preset=&#8220;default&#8220; custom_padding=&#8220;0px||0px||true|&#8220; global_colors_info=&#8220;{}&#8220;][et_pb_column type=&#8220;4_4&#8243; _builder_version=&#8220;4.20.0&#8243; _module_preset=&#8220;default&#8220; global_colors_info=&#8220;{}&#8220;][et_pb_social_media_follow icon_color=&#8220;#000000&#8243; _builder_version=&#8220;4.27.2&#8243; _module_preset=&#8220;default&#8220; text_orientation=&#8220;center&#8220; custom_margin=&#8220;||||false|false&#8220; border_radii=&#8220;on|100px|100px|100px|100px&#8220; locked=&#8220;off&#8220; global_colors_info=&#8220;{}&#8220;][et_pb_social_media_follow_network social_network=&#8220;linkedin&#8220; url=&#8220;https:\/\/www.linkedin.com\/company\/bagless-rooms\/posts\/?feedView=all&#8220; _builder_version=&#8220;4.27.2&#8243; _module_preset=&#8220;default&#8220; background_color=&#8220;#007bb6&#8243; background_enable_color=&#8220;on&#8220; custom_padding=&#8220;8px|8px|8px|8px|true|true&#8220; global_colors_info=&#8220;{%22gcid-11d3dbbb-f6dc-4fb8-929b-9d6994368d00%22:%91%22background_color%22%93}&#8220; follow_button=&#8220;off&#8220; url_new_window=&#8220;on&#8220;]linkedin[\/et_pb_social_media_follow_network][et_pb_social_media_follow_network social_network=&#8220;instagram&#8220; url=&#8220;https:\/\/www.instagram.com\/bagless_guided_tours&#8220; _builder_version=&#8220;4.27.2&#8243; _module_preset=&#8220;default&#8220; background_color=&#8220;gcid-11d3dbbb-f6dc-4fb8-929b-9d6994368d00&#8243; background_enable_color=&#8220;on&#8220; custom_padding=&#8220;8px|8px|8px|8px|true|true&#8220; global_colors_info=&#8220;{%22gcid-11d3dbbb-f6dc-4fb8-929b-9d6994368d00%22:%91%22background_color%22%93}&#8220; follow_button=&#8220;off&#8220; url_new_window=&#8220;on&#8220;]instagram[\/et_pb_social_media_follow_network][\/et_pb_social_media_follow][\/et_pb_column][\/et_pb_row][\/et_pb_section]<\/p>\n","protected":false},"excerpt":{"rendered":"<p>Gef\u00fchrte Touren f\u00fcrDestinationsmanagement und-marketingDestinationen erleben, bevor man ankommtVirtuelle Touren f\u00fcr Reiseprofis \u2013 weltweit, interaktiv und beeindruckend Tourismusverantwortliche weltweit m\u00fcssen t\u00e4glich entscheiden, wohin sie ihre G\u00e4ste schicken. Mit bagless k\u00f6nnen Sie Ihre Destination \u2013 wie die traumhafte \u201eIsla de Ejemplo\u201c \u2013 emotional, visuell und sprachlich perfekt pr\u00e4sentieren. Unsere gef\u00fchrten 360\u00b0-Touren erm\u00f6glichen es, Inseln, St\u00e4dte und Regionen [&hellip;]<\/p>\n","protected":false},"author":2,"featured_media":0,"parent":0,"menu_order":22,"comment_status":"closed","ping_status":"closed","template":"","meta":{"_seopress_robots_primary_cat":"","_seopress_titles_title":"","_seopress_titles_desc":"","_seopress_robots_index":"","_et_pb_use_builder":"on","_et_pb_old_content":"","_et_gb_content_width":"","footnotes":""},"class_list":["post-1397","page","type-page","status-publish","hentry"],"_links":{"self":[{"href":"https:\/\/www.bagless-office.com\/de\/wp-json\/wp\/v2\/pages\/1397","targetHints":{"allow":["GET"]}}],"collection":[{"href":"https:\/\/www.bagless-office.com\/de\/wp-json\/wp\/v2\/pages"}],"about":[{"href":"https:\/\/www.bagless-office.com\/de\/wp-json\/wp\/v2\/types\/page"}],"author":[{"embeddable":true,"href":"https:\/\/www.bagless-office.com\/de\/wp-json\/wp\/v2\/users\/2"}],"replies":[{"embeddable":true,"href":"https:\/\/www.bagless-office.com\/de\/wp-json\/wp\/v2\/comments?post=1397"}],"version-history":[{"count":6,"href":"https:\/\/www.bagless-office.com\/de\/wp-json\/wp\/v2\/pages\/1397\/revisions"}],"predecessor-version":[{"id":1423,"href":"https:\/\/www.bagless-office.com\/de\/wp-json\/wp\/v2\/pages\/1397\/revisions\/1423"}],"wp:attachment":[{"href":"https:\/\/www.bagless-office.com\/de\/wp-json\/wp\/v2\/media?parent=1397"}],"curies":[{"name":"wp","href":"https:\/\/api.w.org\/{rel}","templated":true}]}}